{"id":71,"date":"2026-02-24T15:19:18","date_gmt":"2026-02-24T15:19:18","guid":{"rendered":"https:\/\/romane.vitas.mmi-velizy.fr\/wp\/?page_id=71"},"modified":"2026-04-26T09:52:29","modified_gmt":"2026-04-26T09:52:29","slug":"contact","status":"publish","type":"page","link":"https:\/\/romane.vitas.mmi-velizy.fr\/wp\/contact\/","title":{"rendered":"Suivez-nous"},"content":{"rendered":"\n<div class=\"wp-block-cover alignfull is-style-blur-image is-style-blur-image-less wp-duotone-unset-1\" style=\"margin-top:0;margin-bottom:0;padding-top:0;padding-right:0;padding-bottom:0;padding-left:0\"><img loading=\"lazy\" decoding=\"async\" width=\"1024\" height=\"576\" class=\"wp-block-cover__image-background wp-image-48 size-large\" alt=\"\" src=\"https:\/\/romane.vitas.mmi-velizy.fr\/wp\/wp-content\/uploads\/2026\/02\/Cinemas-changement-de-regles-80-de-capacite-interieure-100-1-1024x576.jpg\" data-object-fit=\"cover\" srcset=\"https:\/\/romane.vitas.mmi-velizy.fr\/wp\/wp-content\/uploads\/2026\/02\/Cinemas-changement-de-regles-80-de-capacite-interieure-100-1-1024x576.jpg 1024w, https:\/\/romane.vitas.mmi-velizy.fr\/wp\/wp-content\/uploads\/2026\/02\/Cinemas-changement-de-regles-80-de-capacite-interieure-100-1-300x169.jpg 300w, https:\/\/romane.vitas.mmi-velizy.fr\/wp\/wp-content\/uploads\/2026\/02\/Cinemas-changement-de-regles-80-de-capacite-interieure-100-1-768x432.jpg 768w, https:\/\/romane.vitas.mmi-velizy.fr\/wp\/wp-content\/uploads\/2026\/02\/Cinemas-changement-de-regles-80-de-capacite-interieure-100-1-600x338.jpg 600w, https:\/\/romane.vitas.mmi-velizy.fr\/wp\/wp-content\/uploads\/2026\/02\/Cinemas-changement-de-regles-80-de-capacite-interieure-100-1.jpg 1280w\" sizes=\"auto, (max-width: 1024px) 100vw, 1024px\" \/><span aria-hidden=\"true\" class=\"wp-block-cover__background has-background-dim-80 has-background-dim\" style=\"background-color:#75594d\"><\/span><div class=\"wp-block-cover__inner-container is-layout-flow wp-block-cover-is-layout-flow\">\n<div class=\"wp-block-group alignfull has-base-color has-text-color is-layout-flow wp-container-core-group-is-layout-6ef9527f wp-block-group-is-layout-flow\" style=\"margin-top:0px;margin-bottom:0px;padding-top:var(--wp--preset--spacing--xx-large);padding-right:var(--wp--preset--spacing--medium);padding-bottom:var(--wp--preset--spacing--xx-large);padding-left:var(--wp--preset--spacing--medium)\">\n<div class=\"wp-block-group is-layout-flow wp-block-group-is-layout-flow\">\n<div class=\"wp-block-group has-global-padding is-layout-constrained wp-container-core-group-is-layout-f5f3bcb8 wp-block-group-is-layout-constrained\">\n<p class=\"has-text-align-center has-main-accent-color has-text-color has-small-font-size\" style=\"font-style:normal;font-weight:500\">Cin\u00e9Lovers<\/p>\n\n\n\n<h2 class=\"wp-block-heading has-text-align-center has-secondary-font-family has-x-large-font-size\">Inscris-toi \u00e0 notre Newsletter pour ne rien manquer des derni\u00e8res actualit\u00e9s du cin\u00e9ma !<\/h2>\n<\/div>\n\n\n\n<p class=\"has-text-align-center has-main-accent-color has-text-color\">Nos recommandation films et s\u00e9ries du mois, nos nouveaux produits en vente ou encore les derniers articles publi\u00e9s.<\/p>\n<\/div>\n<\/div>\n<\/div><\/div>\n\n\n<style id=\"wpforms-css-vars-83-block-5080a506-a397-4365-a47d-bce056300749\">\n\t\t\t\t#wpforms-83.wpforms-block-5080a506-a397-4365-a47d-bce056300749 {\n\t\t\t\t--wpforms-label-color: #ffffff;\n--wpforms-label-sublabel-color: #F82F58;\n--wpforms-field-border-color: #fff5f8;\n--wpforms-field-border-color-spare: #fff5f8;\n--wpforms-field-text-color: #000000;\n--wpforms-field-menu-color: #f2dbdf;\n--wpforms-button-background-color: #211719;\n--wpforms-field-background-color: #211719;\n--wpforms-button-border-style: solid;\n--wpforms-field-size-input-height: 43px;\n--wpforms-field-size-input-spacing: 15px;\n--wpforms-field-size-font-size: 16px;\n--wpforms-field-size-line-height: 19px;\n--wpforms-field-size-padding-h: 14px;\n--wpforms-field-size-checkbox-size: 16px;\n--wpforms-field-size-sublabel-spacing: 5px;\n--wpforms-field-size-icon-size: 1;\n--wpforms-label-size-font-size: 16px;\n--wpforms-label-size-line-height: 19px;\n--wpforms-label-size-sublabel-font-size: 14px;\n--wpforms-label-size-sublabel-line-height: 17px;\n--wpforms-button-size-font-size: 17px;\n--wpforms-button-size-height: 41px;\n--wpforms-button-size-padding-h: 15px;\n--wpforms-button-size-margin-top: 10px;\n\t\t\t}\n\t\t\t<\/style><div class=\"wpforms-container wpforms-container-full wpforms-block wpforms-block-5080a506-a397-4365-a47d-bce056300749 wpforms-render-modern\" id=\"wpforms-83\"><form id=\"wpforms-form-83\" class=\"wpforms-validate wpforms-form wpforms-ajax-form\" data-formid=\"83\" method=\"post\" enctype=\"multipart\/form-data\" action=\"\/wp\/wp-json\/wp\/v2\/pages\/71\" data-token=\"811f063eb152850f2d912703eed8f180\" data-token-time=\"1777478809\"><noscript class=\"wpforms-error-noscript\">Veuillez activer JavaScript dans votre navigateur pour remplir ce formulaire.<\/noscript><div id=\"wpforms-error-noscript\" style=\"display: none;\">Veuillez activer JavaScript dans votre navigateur pour remplir ce formulaire.<\/div><div class=\"wpforms-field-container\"><div id=\"wpforms-83-field_1-container\" class=\"wpforms-field wpforms-field-name\" data-field-id=\"1\"><fieldset><legend class=\"wpforms-field-label\">Nom <span class=\"wpforms-required-label\" aria-hidden=\"true\">*<\/span><\/legend><div class=\"wpforms-field-row wpforms-field-medium\"><div class=\"wpforms-field-row-block wpforms-first wpforms-one-half\"><input type=\"text\" id=\"wpforms-83-field_1\" class=\"wpforms-field-name-first wpforms-field-required\" name=\"wpforms[fields][1][first]\" aria-errormessage=\"wpforms-83-field_1-error\" required><label for=\"wpforms-83-field_1\" class=\"wpforms-field-sublabel after\">Pr\u00e9nom<\/label><\/div><div class=\"wpforms-field-row-block wpforms-one-half\"><input type=\"text\" id=\"wpforms-83-field_1-last\" class=\"wpforms-field-name-last wpforms-field-required\" name=\"wpforms[fields][1][last]\" aria-errormessage=\"wpforms-83-field_1-last-error\" required><label for=\"wpforms-83-field_1-last\" class=\"wpforms-field-sublabel after\">Nom<\/label><\/div><\/div><\/fieldset><\/div>\t\t<div id=\"wpforms-83-field_3-container\"\n\t\t\tclass=\"wpforms-field wpforms-field-text\"\n\t\t\tdata-field-type=\"text\"\n\t\t\tdata-field-id=\"3\"\n\t\t\t>\n\t\t\t<label class=\"wpforms-field-label\" for=\"wpforms-83-field_3\" >? voulez-vous votre<\/label>\n\t\t\t<input type=\"text\" id=\"wpforms-83-field_3\" class=\"wpforms-field-medium\" name=\"wpforms[fields][3]\" >\n\t\t<\/div>\n\t\t<div id=\"wpforms-83-field_2-container\" class=\"wpforms-field wpforms-field-email\" data-field-id=\"2\"><label class=\"wpforms-field-label\" for=\"wpforms-83-field_2\">Email <span class=\"wpforms-required-label\" aria-hidden=\"true\">*<\/span><\/label><input type=\"email\" id=\"wpforms-83-field_2\" class=\"wpforms-field-medium wpforms-field-required\" name=\"wpforms[fields][2]\" spellcheck=\"false\" aria-errormessage=\"wpforms-83-field_2-error\" required><\/div><div id=\"wpforms-83-field_6-container\" class=\"wpforms-field wpforms-field-checkbox\" data-field-id=\"6\"><fieldset><legend class=\"wpforms-field-label\">Que voulez-vous recevoir dans votre newsletter ?<\/legend><ul id=\"wpforms-83-field_6\"><li class=\"choice-1 depth-1\"><input type=\"checkbox\" id=\"wpforms-83-field_6_1\" name=\"wpforms[fields][6][]\" value=\"Actualit\u00e9s cin\u00e9 du mois\" aria-errormessage=\"wpforms-83-field_6_1-error\"  ><label class=\"wpforms-field-label-inline\" for=\"wpforms-83-field_6_1\">Actualit\u00e9s cin\u00e9 du mois<\/label><\/li><li class=\"choice-2 depth-1\"><input type=\"checkbox\" id=\"wpforms-83-field_6_2\" name=\"wpforms[fields][6][]\" value=\"Les recommandations films\/s\u00e9ries du mois\" aria-errormessage=\"wpforms-83-field_6_2-error\"  ><label class=\"wpforms-field-label-inline\" for=\"wpforms-83-field_6_2\">Les recommandations films\/s\u00e9ries du mois<\/label><\/li><li class=\"choice-3 depth-1\"><input type=\"checkbox\" id=\"wpforms-83-field_6_3\" name=\"wpforms[fields][6][]\" value=\"Les nouveaux articles en vente\" aria-errormessage=\"wpforms-83-field_6_3-error\"  ><label class=\"wpforms-field-label-inline\" for=\"wpforms-83-field_6_3\">Les nouveaux articles en vente<\/label><\/li><\/ul><\/fieldset><\/div><script>\n\t\t\t\t( function() {\n\t\t\t\t\tconst style = document.createElement( 'style' );\n\t\t\t\t\tstyle.appendChild( document.createTextNode( '#wpforms-83-field_3-container { position: absolute !important; overflow: hidden !important; display: inline !important; height: 1px !important; width: 1px !important; z-index: -1000 !important; padding: 0 !important; } #wpforms-83-field_3-container input { visibility: hidden; } #wpforms-conversational-form-page #wpforms-83-field_3-container label { counter-increment: none; }' ) );\n\t\t\t\t\tdocument.head.appendChild( style );\n\t\t\t\t\tdocument.currentScript?.remove();\n\t\t\t\t} )();\n\t\t\t<\/script><\/div><!-- .wpforms-field-container --><div class=\"wpforms-submit-container\" ><input type=\"hidden\" name=\"wpforms[id]\" value=\"83\"><input type=\"hidden\" name=\"page_title\" value=\"\"><input type=\"hidden\" name=\"page_url\" value=\"https:\/\/romane.vitas.mmi-velizy.fr\/wp\/wp-json\/wp\/v2\/pages\/71\"><input type=\"hidden\" name=\"url_referer\" value=\"\"><button type=\"submit\" name=\"wpforms[submit]\" id=\"wpforms-submit-83\" class=\"wpforms-submit\" data-alt-text=\"Demande en cours...\" data-submit-text=\"Envoyer\" aria-live=\"assertive\" value=\"wpforms-submit\">Envoyer<\/button><img loading=\"lazy\" decoding=\"async\" src=\"https:\/\/romane.vitas.mmi-velizy.fr\/wp\/wp-content\/plugins\/wpforms-lite\/assets\/images\/submit-spin.svg\" class=\"wpforms-submit-spinner\" style=\"display: none;\" width=\"26\" height=\"26\" alt=\"Chargement en cours\"><\/div><\/form><\/div>  <!-- .wpforms-container -->\n\n\n<div class=\"wp-block-group has-main-background-color has-background has-global-padding is-layout-constrained wp-container-core-group-is-layout-58f243c3 wp-block-group-is-layout-constrained\" style=\"margin-top:var(--wp--preset--spacing--large);margin-bottom:var(--wp--preset--spacing--large);padding-top:var(--wp--preset--spacing--x-large);padding-right:var(--wp--preset--spacing--x-large);padding-bottom:var(--wp--preset--spacing--x-large);padding-left:var(--wp--preset--spacing--x-large)\">\n<p class=\"has-base-color has-text-color has-large-font-size\" style=\"line-height:1.3\">Parce que chaque film est une aventure, <strong>Cin\u00e9Lovers<\/strong> vous accompagne pour prolonger la magie bien apr\u00e8s le g\u00e9n\u00e9rique de fin. Merci de faire partie de notre communaut\u00e9 de passionn\u00e9s !<\/p>\n\n\n\n<hr class=\"wp-block-separator has-text-color has-border-dark-color has-alpha-channel-opacity has-border-dark-background-color has-background is-style-separator-thin\"\/>\n\n\n\n<div class=\"wp-block-group is-nowrap is-layout-flex wp-container-core-group-is-layout-1b11d160 wp-block-group-is-layout-flex\">\n<figure class=\"wp-block-image size-full is-resized is-style-rounded-full\"><img loading=\"lazy\" decoding=\"async\" width=\"1254\" height=\"1254\" src=\"https:\/\/romane.vitas.mmi-velizy.fr\/wp\/wp-content\/uploads\/2026\/04\/ChatGPT-Image-26-avr.-2026-10_22_22.png\" alt=\"\" class=\"wp-image-242\" style=\"width:60px;height:60px\" srcset=\"https:\/\/romane.vitas.mmi-velizy.fr\/wp\/wp-content\/uploads\/2026\/04\/ChatGPT-Image-26-avr.-2026-10_22_22.png 1254w, https:\/\/romane.vitas.mmi-velizy.fr\/wp\/wp-content\/uploads\/2026\/04\/ChatGPT-Image-26-avr.-2026-10_22_22-300x300.png 300w, https:\/\/romane.vitas.mmi-velizy.fr\/wp\/wp-content\/uploads\/2026\/04\/ChatGPT-Image-26-avr.-2026-10_22_22-1024x1024.png 1024w, https:\/\/romane.vitas.mmi-velizy.fr\/wp\/wp-content\/uploads\/2026\/04\/ChatGPT-Image-26-avr.-2026-10_22_22-150x150.png 150w, https:\/\/romane.vitas.mmi-velizy.fr\/wp\/wp-content\/uploads\/2026\/04\/ChatGPT-Image-26-avr.-2026-10_22_22-768x768.png 768w, https:\/\/romane.vitas.mmi-velizy.fr\/wp\/wp-content\/uploads\/2026\/04\/ChatGPT-Image-26-avr.-2026-10_22_22-600x600.png 600w, https:\/\/romane.vitas.mmi-velizy.fr\/wp\/wp-content\/uploads\/2026\/04\/ChatGPT-Image-26-avr.-2026-10_22_22-100x100.png 100w\" sizes=\"auto, (max-width: 1254px) 100vw, 1254px\" \/><\/figure>\n\n\n\n<div class=\"wp-block-group is-vertical is-layout-flex wp-container-core-group-is-layout-5f9f5280 wp-block-group-is-layout-flex\">\n<p class=\"has-base-color has-text-color\"><strong>Romane V.<\/strong><\/p>\n\n\n\n<p class=\"has-main-accent-color has-text-color has-small-font-size\">Fondatrice de Cin\u00e9Lovers<\/p>\n<\/div>\n<\/div>\n<\/div>\n","protected":false},"excerpt":{"rendered":"<p>Parce que chaque film est une aventure, Cin\u00e9Lovers vous accompagne pour prolonger la magie bien apr\u00e8s le g\u00e9n\u00e9rique de fin. Merci de faire partie de notre communaut\u00e9 de passionn\u00e9s ! Romane V. Fondatrice de Cin\u00e9Lovers<\/p>\n","protected":false},"author":1,"featured_media":0,"parent":0,"menu_order":0,"comment_status":"closed","ping_status":"closed","template":"","meta":{"footnotes":""},"class_list":["post-71","page","type-page","status-publish","hentry"],"_links":{"self":[{"href":"https:\/\/romane.vitas.mmi-velizy.fr\/wp\/wp-json\/wp\/v2\/pages\/71","targetHints":{"allow":["GET"]}}],"collection":[{"href":"https:\/\/romane.vitas.mmi-velizy.fr\/wp\/wp-json\/wp\/v2\/pages"}],"about":[{"href":"https:\/\/romane.vitas.mmi-velizy.fr\/wp\/wp-json\/wp\/v2\/types\/page"}],"author":[{"embeddable":true,"href":"https:\/\/romane.vitas.mmi-velizy.fr\/wp\/wp-json\/wp\/v2\/users\/1"}],"replies":[{"embeddable":true,"href":"https:\/\/romane.vitas.mmi-velizy.fr\/wp\/wp-json\/wp\/v2\/comments?post=71"}],"version-history":[{"count":8,"href":"https:\/\/romane.vitas.mmi-velizy.fr\/wp\/wp-json\/wp\/v2\/pages\/71\/revisions"}],"predecessor-version":[{"id":262,"href":"https:\/\/romane.vitas.mmi-velizy.fr\/wp\/wp-json\/wp\/v2\/pages\/71\/revisions\/262"}],"wp:attachment":[{"href":"https:\/\/romane.vitas.mmi-velizy.fr\/wp\/wp-json\/wp\/v2\/media?parent=71"}],"curies":[{"name":"wp","href":"https:\/\/api.w.org\/{rel}","templated":true}]}}